{"id":228,"date":"2024-07-15T13:44:39","date_gmt":"2024-07-15T13:44:39","guid":{"rendered":"https:\/\/albpharm.com\/al\/?post_type=product&#038;p=228"},"modified":"2025-01-06T21:17:47","modified_gmt":"2025-01-06T21:17:47","slug":"bellavie-children","status":"publish","type":"product","link":"https:\/\/albpharm.com\/al\/product\/bellavie-children\/","title":{"rendered":"BellaVie CHILDREN"},"content":{"rendered":"<p>8 Stains probiotike<\/p>\n<ul>\n<li>Bacillus coagulans &#8211; LMG 6326<\/li>\n<li>Lactobacillus acidophilus &#8211; LMG 8151<\/li>\n<li>Lactobacillus helveticus &#8211; LMG 26307<\/li>\n<li>Lactobacillus reuteri &#8211; LMG 9213<\/li>\n<li>Lactobacillus rhamnosus &#8211; LMG 25626<\/li>\n<li>Bifidobacterium animalis lactis &#8211; LMG 25627<\/li>\n<li>Bifidobacterium infantis &#8211; LMG 25627<\/li>\n<li>Saccharomyces boulardii &#8211; LMG 6326<\/li>\n<\/ul>\n<p>Prebiotik\u00ebt<br \/>\nInulina e \u00e7ikores: 27,8 mg<\/p>\n<p>Nutraceutik\u00eb<br \/>\nBisglicinat zinku: 30% e marrjes s\u00eb rekomanduar ditore<br \/>\nVitamina D3: 100% e marrjes s\u00eb rekomanduar ditore<\/p>\n<p>Bisglicinati i zinkut \u00ebsht\u00eb nj\u00eb element gjurm\u00eb q\u00eb gjendet natyrsh\u00ebm n\u00eb sasi t\u00eb vogla n\u00eb trup. Ai luan nj\u00eb rol t\u00eb r\u00ebnd\u00ebsish\u00ebm n\u00eb zhvillimin e k\u00ebrcit dhe kockave, stimulimin e sistemit imunitar, ruajtjen e nj\u00eb oreksi t\u00eb sh\u00ebndetsh\u00ebm dhe struktur\u00ebn e proteinave dhe membranave qelizore. Trupi nuk mund ta prodhoj\u00eb k\u00ebt\u00eb mikroelement, ndaj duhet t\u00eb furnizohet nga dieta. N\u00eb shumic\u00ebn e situatave fiziologjike, nj\u00eb diet\u00eb e sh\u00ebndetshme dhe e larmishme mund t\u00eb kompensoj\u00eb k\u00ebrkesat ditore p\u00ebr zink.<\/p>\n<p>Vitamina D3 luan nj\u00eb rol thelb\u00ebsor n\u00eb rritjen dhe sh\u00ebndetin e f\u00ebmij\u00ebve. \u00cbsht\u00eb nj\u00eb vitamin\u00eb e sintetizuar nga trupi n\u00ebn ndikimin e diellit, por mund t\u00eb merret edhe nga ushqimi. Gjendet ve\u00e7an\u00ebrisht n\u00eb mish dhe djath\u00eb. Kontribuon, nd\u00ebr t\u00eb tjera, n\u00eb funksionimin e duhur t\u00eb sistemit imunitar. P\u00ebrve\u00e7 k\u00ebsaj, ai kontribuon n\u00eb zhvillimin e kockave m\u00eb t\u00eb forta duke nxitur p\u00ebrthithjen e kalciumit t\u00eb pranish\u00ebm n\u00eb diet\u00ebn ton\u00eb. S\u00eb bashku, kalciumi dhe vitamina D nd\u00ebrtojn\u00eb kockat dhe i mbajn\u00eb ato t\u00eb forta.<\/p>\n","protected":false},"excerpt":{"rendered":"<p>BellaVie CHILDREN \u00ebsht\u00eb nj\u00eb suplement sh\u00ebndet\u00ebsor me spekt\u00ebr t\u00eb gjer\u00eb, me CFU t\u00eb lart\u00eb q\u00eb p\u00ebrmban 8 shtame probiotike, prebiotik\u00eb dhe l\u00ebnd\u00eb ushqyese, secila e zgjedhur p\u00ebr p\u00ebrfitimet e tyre sh\u00ebndet\u00ebsore. Formula u zhvillua me baktere thelb\u00ebsore t\u00eb zorr\u00ebve dhe maja p\u00ebr t\u00eb promovuar nj\u00eb ekuilib\u00ebr m\u00eb t\u00eb favorsh\u00ebm t\u00eb mikrobiot\u00ebs s\u00eb zorr\u00ebve.<\/p>\n<p>Formula plot\u00ebsohet me prebiotik\u00eb dhe l\u00ebnd\u00eb ushqyese q\u00eb punojn\u00eb n\u00eb m\u00ebnyr\u00eb sinergjike me shtamet probiotike dhe rrisin aktivitetin e tyre.<\/p>\n<p>Kapsulat BellaVie CHILDREN p\u00ebrmbajn\u00eb zink dhe vitamin\u00eb D3, t\u00eb cilat kontribuojn\u00eb n\u00eb funksionimin normal t\u00eb sistemit imunitar dhe ruajtjen e sh\u00ebndetit t\u00eb mir\u00eb t\u00eb kockave tek f\u00ebmij\u00ebt.<\/p>\n<p>E disponueshme n\u00eb kuti me 30 kapsula.<\/p>\n","protected":false},"featured_media":102,"template":"","meta":[],"product_brand":[],"product_cat":[21],"product_tag":[],"class_list":{"0":"post-228","1":"product","2":"type-product","3":"status-publish","4":"has-post-thumbnail","6":"product_cat-produktet-bellavie","8":"first","9":"instock","10":"taxable","11":"shipping-taxable","12":"purchasable","13":"product-type-simple"},"_links":{"self":[{"href":"https:\/\/albpharm.com\/al\/wp-json\/wp\/v2\/product\/228","targetHints":{"allow":["GET"]}}],"collection":[{"href":"https:\/\/albpharm.com\/al\/wp-json\/wp\/v2\/product"}],"about":[{"href":"https:\/\/albpharm.com\/al\/wp-json\/wp\/v2\/types\/product"}],"wp:featuredmedia":[{"embeddable":true,"href":"https:\/\/albpharm.com\/al\/wp-json\/wp\/v2\/media\/102"}],"wp:attachment":[{"href":"https:\/\/albpharm.com\/al\/wp-json\/wp\/v2\/media?parent=228"}],"wp:term":[{"taxonomy":"product_brand","embeddable":true,"href":"https:\/\/albpharm.com\/al\/wp-json\/wp\/v2\/product_brand?post=228"},{"taxonomy":"product_cat","embeddable":true,"href":"https:\/\/albpharm.com\/al\/wp-json\/wp\/v2\/product_cat?post=228"},{"taxonomy":"product_tag","embeddable":true,"href":"https:\/\/albpharm.com\/al\/wp-json\/wp\/v2\/product_tag?post=228"}],"curies":[{"name":"wp","href":"https:\/\/api.w.org\/{rel}","templated":true}]}}