{"id":226,"date":"2024-07-15T13:42:54","date_gmt":"2024-07-15T13:42:54","guid":{"rendered":"https:\/\/albpharm.com\/al\/?post_type=product&#038;p=226"},"modified":"2024-07-15T13:42:54","modified_gmt":"2024-07-15T13:42:54","slug":"bellavie-skinosal","status":"publish","type":"product","link":"https:\/\/albpharm.com\/al\/product\/bellavie-skinosal\/","title":{"rendered":"BellaVie SKINOSAL"},"content":{"rendered":"<p>10 shtame probiotike<\/p>\n<ul>\n<li>Bacillus coagulans \u2013 LMG 6326<\/li>\n<li>Lactobacillus rhamnosus\u2013ATCC 53103<\/li>\n<li>Lactobacillus acidophilus\u2013ARS B-3208<\/li>\n<li>Lactobacillus bulgaricus\u2013CNCM I-5435<\/li>\n<li>Lactobacillus salivarius\u2013LMG 9477<\/li>\n<li>Lactobacillus casei\u2013CNCM I-5094<\/li>\n<li>Streptococcus thermophilus\u2013CNCM I-4912<\/li>\n<li>Bifidobacterium bifidum\u2013CNCM I-5091<\/li>\n<li>Bifidobacterium infantis\u2013LMG 25627<\/li>\n<li>Bifidobacterium breve200BN\u2013CNCM I-5112<\/li>\n<\/ul>\n<p>Prebiotik\u00ebt<br \/>\nHMO (2&#8242;-fukosilaktoz\u00eb): 30 mg<\/p>\n<p>Nutraceutik\u00eb<br \/>\nKuercetin &gt; 95%<\/p>\n<p>Vitamina D3 = 5 \u03bcg\/kapak (100000 IU\/g) \/ 200 IU parcap = 100% NRV*<\/p>\n<p>Selen = 55 \u03bcg\/kapak = 100% NRV* (Maja e pasuruar me selen n\u00eb 2000 \u03bcg\/g)<\/p>\n<p>*Vlera e referenc\u00ebs ushqyese<\/p>\n","protected":false},"excerpt":{"rendered":"<p>BellaVie SKINOSAL \u00ebsht\u00eb nj\u00eb suplement sh\u00ebndet\u00ebsor q\u00eb ndihmon n\u00eb ruajtjen e funksionit normal t\u00eb sistemit imunitar dhe ndihmon n\u00eb menaxhimin e shqet\u00ebsimeve sezonale.<\/p>\n<p>P\u00ebrmban 10 shtame probiotike t\u00eb gjalla, prebiotik\u00eb dhe l\u00ebnd\u00eb ushqyese secila t\u00eb zgjedhur p\u00ebr p\u00ebrfitimet e tyre t\u00eb njohura sh\u00ebndet\u00ebsore.<\/p>\n<p>Formula \u00ebsht\u00eb zhvilluar me baktere thelb\u00ebsore t\u00eb zorr\u00ebve p\u00ebr t\u00eb promovuar nj\u00eb ekuilib\u00ebr t\u00eb mikrobiot\u00ebs s\u00eb zorr\u00ebve.<\/p>\n<p>Formula plot\u00ebsohet nga prebiotik\u00eb q\u00eb funksionojn\u00eb n\u00eb sinergji me shtamet probiotike dhe rrit aktivitetin e tyre.<\/p>\n<p>BellaVie SKINOSAL p\u00ebrmban kuercetin\u00eb, selen dhe vitamin\u00eb D3 t\u00eb cilat kontribuojn\u00eb n\u00eb ekuilibrin normal t\u00eb th1\/th2.<\/p>\n<p>E disponueshme n\u00eb kuti me 30 kapsula.<\/p>\n","protected":false},"featured_media":109,"template":"","meta":[],"product_brand":[],"product_cat":[21],"product_tag":[],"class_list":{"0":"post-226","1":"product","2":"type-product","3":"status-publish","4":"has-post-thumbnail","6":"product_cat-produktet-bellavie","8":"first","9":"instock","10":"taxable","11":"shipping-taxable","12":"product-type-simple"},"_links":{"self":[{"href":"https:\/\/albpharm.com\/al\/wp-json\/wp\/v2\/product\/226","targetHints":{"allow":["GET"]}}],"collection":[{"href":"https:\/\/albpharm.com\/al\/wp-json\/wp\/v2\/product"}],"about":[{"href":"https:\/\/albpharm.com\/al\/wp-json\/wp\/v2\/types\/product"}],"wp:featuredmedia":[{"embeddable":true,"href":"https:\/\/albpharm.com\/al\/wp-json\/wp\/v2\/media\/109"}],"wp:attachment":[{"href":"https:\/\/albpharm.com\/al\/wp-json\/wp\/v2\/media?parent=226"}],"wp:term":[{"taxonomy":"product_brand","embeddable":true,"href":"https:\/\/albpharm.com\/al\/wp-json\/wp\/v2\/product_brand?post=226"},{"taxonomy":"product_cat","embeddable":true,"href":"https:\/\/albpharm.com\/al\/wp-json\/wp\/v2\/product_cat?post=226"},{"taxonomy":"product_tag","embeddable":true,"href":"https:\/\/albpharm.com\/al\/wp-json\/wp\/v2\/product_tag?post=226"}],"curies":[{"name":"wp","href":"https:\/\/api.w.org\/{rel}","templated":true}]}}