{"id":223,"date":"2024-07-15T13:31:18","date_gmt":"2024-07-15T13:31:18","guid":{"rendered":"https:\/\/albpharm.com\/al\/?post_type=product&#038;p=223"},"modified":"2024-07-15T13:31:18","modified_gmt":"2024-07-15T13:31:18","slug":"bellavie-immuno","status":"publish","type":"product","link":"https:\/\/albpharm.com\/al\/product\/bellavie-immuno\/","title":{"rendered":"Bellavie IMMUNO"},"content":{"rendered":"<p>8 Shtame probiotike<\/p>\n<ul>\n<li>Bacillus coagulans &#8211; LMG 6326<\/li>\n<li>Bifidobacterium breve &#8211; LMG 13208<\/li>\n<li>Lactobacillus acidophilus &#8211; LMG 8151<\/li>\n<li>Lactobacillus casei &#8211; LMG 6904<\/li>\n<li>Lactobacillus plantarum &#8211; LMG 26367<\/li>\n<li>Lactobacillus reuteri &#8211; LMG 9213<\/li>\n<li>Lactobacillus rhamnosus &#8211; LMG 25626<\/li>\n<li>Saccharomyces boulardii &#8211; MUCL 43341<\/li>\n<\/ul>\n<p>Prebiotik\u00ebt<br \/>\nInulina e \u00e7ikores: 27,8 mg<\/p>\n<p>Nutraceutik\u00eb<br \/>\nVitamina C (ekstrakti Camu-Camu): 24 mg &#8211; 30% e marrjes s\u00eb rekomanduar ushqimore<br \/>\nVitamina D3: 1,5 mikrog &#8211; 60 IU &#8211; 30% e marrjes s\u00eb rekomanduar ushqimore<\/p>\n<p>Vitamina C \u00ebsht\u00eb e njohur p\u00ebr p\u00ebrfitimet e saj n\u00eb funksionimin e sistemit imunitar. \u00cbsht\u00eb i pranish\u00ebm natyrsh\u00ebm n\u00eb shum\u00eb fruta dhe perime (agrume, kivi &#8230;). Duke qen\u00eb e tretshme n\u00eb uj\u00eb, kjo vitamin\u00eb \u00ebsht\u00eb e v\u00ebshtir\u00eb t\u00eb ruhet n\u00eb trup, prandaj r\u00ebnd\u00ebsia e marrjes ditore p\u00ebr t\u00eb mbuluar nevojat ushqyese thelb\u00ebsore p\u00ebr nj\u00eb sh\u00ebndet t\u00eb mir\u00eb. Pa konsumim t\u00eb rregullt t\u00eb frutave dhe perimeve, sistemi imunitar mund t\u00eb dob\u00ebsohet. Prandaj rekomandohet marrja e suplementeve ushqimore q\u00eb p\u00ebrmbajn\u00eb vitamin\u00eb C.<\/p>\n<p>Vitamina D3 \u00ebsht\u00eb nj\u00eb vitamin\u00eb e sintetizuar nga trupi n\u00ebn ndikimin e diellit, por mund t\u00eb sigurohet edhe nga ushqimi. Mund t\u00eb gjendet n\u00eb mish dhe djath\u00eb. Kontribuon, nd\u00ebr t\u00eb tjera, n\u00eb funksionimin e duhur t\u00eb sistemit imunitar.<\/p>\n","protected":false},"excerpt":{"rendered":"<p>BellaVie IMMUNO \u00ebsht\u00eb nj\u00eb suplement sh\u00ebndet\u00ebsor q\u00eb ndihmon n\u00eb ruajtjen e funksionit normal t\u00eb sistemit imunitar.<br \/>\nP\u00ebrmban 8 shtame probiotike t\u00eb gjalla, prebiotik\u00eb dhe l\u00ebnd\u00eb ushqyese secila t\u00eb zgjedhur p\u00ebr p\u00ebrfitimet e tyre t\u00eb njohura sh\u00ebndet\u00ebsore.<br \/>\nFormula \u00ebsht\u00eb zhvilluar me baktere thelb\u00ebsore t\u00eb zorr\u00ebve dhe maja p\u00ebr t\u00eb promovuar nj\u00eb ekuilib\u00ebr t\u00eb mikrobiot\u00ebs s\u00eb zorr\u00ebve.<\/p>\n<p>Formula plot\u00ebsohet nga prebiotik\u00eb q\u00eb funksionojn\u00eb n\u00eb sinergji me shtamet probiotike dhe rrit aktivitetin e tyre.<\/p>\n<p>BellaVie IMMUNO p\u00ebrmban vitamin\u00eb C dhe vitamin\u00eb D3 t\u00eb cilat kontribuojn\u00eb n\u00eb funksionimin normal t\u00eb sistemit imunitar.<\/p>\n<p>E disponueshme n\u00eb kuti me 30 kapsula.<\/p>\n","protected":false},"featured_media":99,"template":"","meta":[],"product_brand":[],"product_cat":[21],"product_tag":[],"class_list":{"0":"post-223","1":"product","2":"type-product","3":"status-publish","4":"has-post-thumbnail","6":"product_cat-produktet-bellavie","8":"first","9":"instock","10":"taxable","11":"shipping-taxable","12":"product-type-simple"},"_links":{"self":[{"href":"https:\/\/albpharm.com\/al\/wp-json\/wp\/v2\/product\/223","targetHints":{"allow":["GET"]}}],"collection":[{"href":"https:\/\/albpharm.com\/al\/wp-json\/wp\/v2\/product"}],"about":[{"href":"https:\/\/albpharm.com\/al\/wp-json\/wp\/v2\/types\/product"}],"wp:featuredmedia":[{"embeddable":true,"href":"https:\/\/albpharm.com\/al\/wp-json\/wp\/v2\/media\/99"}],"wp:attachment":[{"href":"https:\/\/albpharm.com\/al\/wp-json\/wp\/v2\/media?parent=223"}],"wp:term":[{"taxonomy":"product_brand","embeddable":true,"href":"https:\/\/albpharm.com\/al\/wp-json\/wp\/v2\/product_brand?post=223"},{"taxonomy":"product_cat","embeddable":true,"href":"https:\/\/albpharm.com\/al\/wp-json\/wp\/v2\/product_cat?post=223"},{"taxonomy":"product_tag","embeddable":true,"href":"https:\/\/albpharm.com\/al\/wp-json\/wp\/v2\/product_tag?post=223"}],"curies":[{"name":"wp","href":"https:\/\/api.w.org\/{rel}","templated":true}]}}