{"id":222,"date":"2024-07-15T13:30:08","date_gmt":"2024-07-15T13:30:08","guid":{"rendered":"https:\/\/albpharm.com\/al\/?post_type=product&#038;p=222"},"modified":"2024-07-15T13:30:08","modified_gmt":"2024-07-15T13:30:08","slug":"bellavie-gluco","status":"publish","type":"product","link":"https:\/\/albpharm.com\/al\/product\/bellavie-gluco\/","title":{"rendered":"BellaVie GLUCO"},"content":{"rendered":"<p>7 shtame probiotike<\/p>\n<ul>\n<li>Bacillus coagulans &#8211; LMG 6326<\/li>\n<li>Bifidobacterium animalis lactis &#8211; LMG 18314<\/li>\n<li>Lactobacillus acidophilus &#8211; LMG 8151<\/li>\n<li>Lactobacillus casei &#8211; LMG 6904<\/li>\n<li>Lactobacillus gasseri &#8211; LMG 26661<\/li>\n<li>Lactobacillus plantarum &#8211; LMG 26367<\/li>\n<li>Lactobacillus rhamnosus &#8211; LMG 25626<\/li>\n<\/ul>\n<p>Prebiotik\u00ebt<br \/>\nInulina e \u00e7ikores: 27,8 mg<\/p>\n<p>Nutraceutik\u00eb<br \/>\nKloruri i kromit (III): 30% e sasis\u00eb s\u00eb rekomanduar dietike<br \/>\nKaktina (Nopal): 67 mg<\/p>\n<p>Kromi \u00ebsht\u00eb nj\u00eb element gjurm\u00eb q\u00eb ndihmon n\u00eb ruajtjen e niveleve normale t\u00eb sheqerit n\u00eb gjak. N\u00eb t\u00eb v\u00ebrtet\u00eb, ai leht\u00ebson veprimin e insulin\u00ebs, nj\u00eb hormon q\u00eb rregullon nivelet e sheqerit n\u00eb gjak. K\u00ebshtu, ai \u00ebsht\u00eb i p\u00ebrfshir\u00eb n\u00eb metabolizmin e karbohidrateve, lipideve dhe proteinave. Kromi gjendet n\u00eb sasi t\u00eb vogla n\u00eb pothuajse t\u00eb gjitha ushqimet si produktet me drith\u00ebra t\u00eb plota, patatet, vi\u00e7i&#8230;<\/p>\n<p>Noopal \u00ebsht\u00eb nj\u00eb ekstrakt i frutit t\u00eb kaktusit oputia ficus indica. Quhet edhe gjemba.<\/p>\n","protected":false},"excerpt":{"rendered":"<p>BellaVie GLUCO \u00ebsht\u00eb nj\u00eb suplement i sh\u00ebndetsh\u00ebm me spekt\u00ebr t\u00eb gjer\u00eb, me CFU t\u00eb lart\u00eb q\u00eb p\u00ebrmban 7 shtame probiotike, prebiotik\u00eb dhe l\u00ebnd\u00eb ushqyese, secila e zgjedhur p\u00ebr p\u00ebrfitimet e tyre sh\u00ebndet\u00ebsore. Formula u zhvillua me baktere thelb\u00ebsore t\u00eb zorr\u00ebve p\u00ebr t\u00eb promovuar nj\u00eb ekuilib\u00ebr m\u00eb t\u00eb favorsh\u00ebm t\u00eb mikrobiot\u00ebs s\u00eb zorr\u00ebve.<\/p>\n<p>Formula plot\u00ebsohet nga prebiotik\u00eb dhe l\u00ebnd\u00eb ushqyese q\u00eb punojn\u00eb n\u00eb m\u00ebnyr\u00eb sinergjike me shtamet probiotike dhe rrisin aktivitetin e tyre.<\/p>\n<p>Kapsulat BellaVie GLUCO p\u00ebrmbajn\u00eb nopal (ekstrakt kaktusi) dhe krom, i cili kontribuon n\u00eb ruajtjen e niveleve normale t\u00eb sheqerit n\u00eb gjak.<\/p>\n<p>E disponueshme n\u00eb kuti me 30 kapsula.<\/p>\n","protected":false},"featured_media":98,"template":"","meta":[],"product_brand":[],"product_cat":[21],"product_tag":[],"class_list":{"0":"post-222","1":"product","2":"type-product","3":"status-publish","4":"has-post-thumbnail","6":"product_cat-produktet-bellavie","8":"first","9":"instock","10":"taxable","11":"shipping-taxable","12":"product-type-simple"},"_links":{"self":[{"href":"https:\/\/albpharm.com\/al\/wp-json\/wp\/v2\/product\/222","targetHints":{"allow":["GET"]}}],"collection":[{"href":"https:\/\/albpharm.com\/al\/wp-json\/wp\/v2\/product"}],"about":[{"href":"https:\/\/albpharm.com\/al\/wp-json\/wp\/v2\/types\/product"}],"wp:featuredmedia":[{"embeddable":true,"href":"https:\/\/albpharm.com\/al\/wp-json\/wp\/v2\/media\/98"}],"wp:attachment":[{"href":"https:\/\/albpharm.com\/al\/wp-json\/wp\/v2\/media?parent=222"}],"wp:term":[{"taxonomy":"product_brand","embeddable":true,"href":"https:\/\/albpharm.com\/al\/wp-json\/wp\/v2\/product_brand?post=222"},{"taxonomy":"product_cat","embeddable":true,"href":"https:\/\/albpharm.com\/al\/wp-json\/wp\/v2\/product_cat?post=222"},{"taxonomy":"product_tag","embeddable":true,"href":"https:\/\/albpharm.com\/al\/wp-json\/wp\/v2\/product_tag?post=222"}],"curies":[{"name":"wp","href":"https:\/\/api.w.org\/{rel}","templated":true}]}}