{"id":218,"date":"2024-07-15T13:23:41","date_gmt":"2024-07-15T13:23:41","guid":{"rendered":"https:\/\/albpharm.com\/al\/?post_type=product&#038;p=218"},"modified":"2024-07-15T13:23:41","modified_gmt":"2024-07-15T13:23:41","slug":"bellavie-stress","status":"publish","type":"product","link":"https:\/\/albpharm.com\/al\/product\/bellavie-stress\/","title":{"rendered":"BellaVie STRESS"},"content":{"rendered":"<p>10 stains probiotike<\/p>\n<ul>\n<li>Bacillus coagulans &#8211; LMG 6326<\/li>\n<li>Bifidobacterium breve &#8211; LMG 13208<\/li>\n<li>Lactobacillus helveticus &#8211; LMG 26307<\/li>\n<li>Bifidobacterium longum &#8211; LMG 26652<\/li>\n<li>Lactobacillus rhamnosus &#8211; LMG 25626<\/li>\n<li>Lactobacillus casei &#8211; LMG 6904<\/li>\n<li>Bifidobacterium infantis &#8211; LMG 25627<\/li>\n<li>Lactobacillus paracasei &#8211; LMG 7955<\/li>\n<li>Lactobacillus plantarum &#8211; LMG 26367<\/li>\n<li>Lactobacillus salivarius &#8211; LMG 9477<\/li>\n<\/ul>\n<p><strong>Prebiotik\u00ebt<\/strong><br \/>\nInulina e \u00e7ikores: 27.8 mg<\/p>\n<p><strong>Nutraceutik\u00eb<\/strong><br \/>\nVitamina B6: 30% e marrjes s\u00eb rekomanduar ditore<br \/>\nVitamina B9 (folate): 30% e marrjes s\u00eb rekomanduar ditore<\/p>\n<p>Vitamina B6 \u00ebsht\u00eb nj\u00eb vitamin\u00eb e tretshme n\u00eb uj\u00eb, e pranishme n\u00eb m\u00ebnyr\u00eb natyrale n\u00eb shum\u00eb ushqime. Ai luan nj\u00eb rol n\u00eb zhvillimin kognitiv p\u00ebrmes biosintez\u00ebs s\u00eb neurotransmetuesve dhe n\u00eb ruajtjen e niveleve normale t\u00eb homocistein\u00ebs n\u00eb gjak. Disa studime kan\u00eb treguar nj\u00eb lidhje midis vitamin\u00ebs B6 dhe funksionit t\u00eb trurit tek t\u00eb moshuarit.<\/p>\n<p>Vitamina B9 (folatet) \u00ebsht\u00eb e p\u00ebrfshir\u00eb n\u00eb metabolizmin e aminoacideve dhe prodhimin e ADN-s\u00eb. Ai \u00ebsht\u00eb i p\u00ebrfshir\u00eb n\u00eb funksionimin e duhur t\u00eb sistemit nervor dhe prodhimin e neuromediator\u00ebve t\u00eb caktuar.<\/p>\n<p>Vitamina B6 dhe vitamina B9 dihet se kontribuojn\u00eb n\u00eb funksionet normale psikologjike, reduktojn\u00eb lodhjen dhe mbajn\u00eb nj\u00eb metaboliz\u00ebm normal t\u00eb energjis\u00eb.<\/p>\n","protected":false},"excerpt":{"rendered":"<p>BellaVie STRESS \u00ebsht\u00eb nj\u00eb suplement sh\u00ebndet\u00ebsor me spekt\u00ebr t\u00eb gjer\u00eb, me CFU t\u00eb lart\u00eb q\u00eb p\u00ebrmban 10 shtame probiotike, prebiotik\u00eb dhe l\u00ebnd\u00eb ushqyese, secila e zgjedhur p\u00ebr p\u00ebrfitimet e tyre sh\u00ebndet\u00ebsore. Formula u zhvillua me baktere thelb\u00ebsore t\u00eb zorr\u00ebve p\u00ebr t\u00eb promovuar nj\u00eb ekuilib\u00ebr m\u00eb t\u00eb favorsh\u00ebm t\u00eb mikrobiot\u00ebs s\u00eb zorr\u00ebve.<\/p>\n<p>Formula plot\u00ebsohet me prebiotik\u00eb dhe l\u00ebnd\u00eb ushqyese q\u00eb punojn\u00eb n\u00eb m\u00ebnyr\u00eb sinergjike me shtamet probiotike dhe rrisin aktivitetin e tyre.<\/p>\n<p>Kapsulat BellaVie STRESS p\u00ebrmbajn\u00eb vitamin\u00eb B6 dhe vitamin\u00eb B9 t\u00eb cilat kontribuojn\u00eb n\u00eb funksionet normale psikologjike.<\/p>\n<p>E disponueshme n\u00eb kuti me 30 kapsula.<\/p>\n","protected":false},"featured_media":110,"template":"","meta":[],"product_brand":[],"product_cat":[21],"product_tag":[],"class_list":{"0":"post-218","1":"product","2":"type-product","3":"status-publish","4":"has-post-thumbnail","6":"product_cat-produktet-bellavie","8":"first","9":"instock","10":"taxable","11":"shipping-taxable","12":"product-type-simple"},"_links":{"self":[{"href":"https:\/\/albpharm.com\/al\/wp-json\/wp\/v2\/product\/218","targetHints":{"allow":["GET"]}}],"collection":[{"href":"https:\/\/albpharm.com\/al\/wp-json\/wp\/v2\/product"}],"about":[{"href":"https:\/\/albpharm.com\/al\/wp-json\/wp\/v2\/types\/product"}],"wp:featuredmedia":[{"embeddable":true,"href":"https:\/\/albpharm.com\/al\/wp-json\/wp\/v2\/media\/110"}],"wp:attachment":[{"href":"https:\/\/albpharm.com\/al\/wp-json\/wp\/v2\/media?parent=218"}],"wp:term":[{"taxonomy":"product_brand","embeddable":true,"href":"https:\/\/albpharm.com\/al\/wp-json\/wp\/v2\/product_brand?post=218"},{"taxonomy":"product_cat","embeddable":true,"href":"https:\/\/albpharm.com\/al\/wp-json\/wp\/v2\/product_cat?post=218"},{"taxonomy":"product_tag","embeddable":true,"href":"https:\/\/albpharm.com\/al\/wp-json\/wp\/v2\/product_tag?post=218"}],"curies":[{"name":"wp","href":"https:\/\/api.w.org\/{rel}","templated":true}]}}