{"id":212,"date":"2024-07-15T13:14:48","date_gmt":"2024-07-15T13:14:48","guid":{"rendered":"https:\/\/albpharm.com\/al\/?post_type=product&#038;p=212"},"modified":"2024-07-15T13:17:52","modified_gmt":"2024-07-15T13:17:52","slug":"bellavie-women","status":"publish","type":"product","link":"https:\/\/albpharm.com\/al\/product\/bellavie-women\/","title":{"rendered":"BellaVie WOMEN"},"content":{"rendered":"<p><strong>7 stains probiotike<\/strong><\/p>\n<ul>\n<li>Lactobacillus crispatus &#8211; LMG 12005<\/li>\n<li>Bacillus coagulans &#8211; LMG 6326<\/li>\n<li>Bifidobacterium animalis lactis &#8211; LMG 18314<\/li>\n<li>Bifidobacterium longum &#8211; LMG 26652<\/li>\n<li>Lactobacillus acidophilus &#8211; LMG 8151<\/li>\n<li>Lactobacillus fermentum &#8211; LMG 6902<\/li>\n<li>Lactobacillus rhamnosus &#8211; LMG 25626<\/li>\n<\/ul>\n<p><strong>Prebiotik\u00ebt<\/strong><br \/>\nInulina e \u00e7ikores: 27,8 mg<\/p>\n<p><strong>Nutraceutik\u00eb<\/strong><br \/>\nEkstrakti i boronic\u00ebs s\u00eb kuqe (proantocianidina): 100 mg (36 mg PAC)<\/p>\n<p>Boronica e kuqe \u00ebsht\u00eb nj\u00eb bim\u00eb e familjes Ericaceae e pasur me element\u00eb t\u00eb dobish\u00ebm p\u00ebr organizmin.<\/p>\n","protected":false},"excerpt":{"rendered":"<p>BellaVie WOMAN \u00ebsht\u00eb nj\u00eb suplement sh\u00ebndet\u00ebsor me spekt\u00ebr t\u00eb gjer\u00eb, me CFU t\u00eb lart\u00eb q\u00eb p\u00ebrmban 7 strains probiotike, prebiotik\u00eb dhe l\u00ebnd\u00eb ushqyese, secila e zgjedhur p\u00ebr p\u00ebrfitimet e tyre sh\u00ebndet\u00ebsore. Formula u zhvillua me baktere thelb\u00ebsore t\u00eb zorr\u00ebve p\u00ebr t\u00eb promovuar nj\u00eb ekuilib\u00ebr t\u00eb mikrobiot\u00ebs s\u00eb zorr\u00ebve.<\/p>\n<p>Formula plot\u00ebsohet nga prebiotik\u00eb dhe l\u00ebnd\u00eb ushqyese q\u00eb punojn\u00eb n\u00eb m\u00ebnyr\u00eb sinergjike me stains probiotike dhe rrisin aktivitetin e tyre.<\/p>\n<p>Kapsulat BellaVie WOMAN p\u00ebrmbajn\u00eb ekstrakt boronic\u00eb.<\/p>\n<p>E disponueshme n\u00eb kuti me 30 kapsula.<\/p>\n","protected":false},"featured_media":96,"template":"","meta":[],"product_brand":[],"product_cat":[21],"product_tag":[],"class_list":{"0":"post-212","1":"product","2":"type-product","3":"status-publish","4":"has-post-thumbnail","6":"product_cat-produktet-bellavie","8":"first","9":"instock","10":"taxable","11":"shipping-taxable","12":"product-type-simple"},"_links":{"self":[{"href":"https:\/\/albpharm.com\/al\/wp-json\/wp\/v2\/product\/212","targetHints":{"allow":["GET"]}}],"collection":[{"href":"https:\/\/albpharm.com\/al\/wp-json\/wp\/v2\/product"}],"about":[{"href":"https:\/\/albpharm.com\/al\/wp-json\/wp\/v2\/types\/product"}],"wp:featuredmedia":[{"embeddable":true,"href":"https:\/\/albpharm.com\/al\/wp-json\/wp\/v2\/media\/96"}],"wp:attachment":[{"href":"https:\/\/albpharm.com\/al\/wp-json\/wp\/v2\/media?parent=212"}],"wp:term":[{"taxonomy":"product_brand","embeddable":true,"href":"https:\/\/albpharm.com\/al\/wp-json\/wp\/v2\/product_brand?post=212"},{"taxonomy":"product_cat","embeddable":true,"href":"https:\/\/albpharm.com\/al\/wp-json\/wp\/v2\/product_cat?post=212"},{"taxonomy":"product_tag","embeddable":true,"href":"https:\/\/albpharm.com\/al\/wp-json\/wp\/v2\/product_tag?post=212"}],"curies":[{"name":"wp","href":"https:\/\/api.w.org\/{rel}","templated":true}]}}